{"id":13,"date":"2024-02-06T12:39:56","date_gmt":"2024-02-06T12:39:56","guid":{"rendered":"https:\/\/alfafem.hu\/?page_id=13"},"modified":"2024-02-29T13:47:27","modified_gmt":"2024-02-29T13:47:27","slug":"rolunk","status":"publish","type":"page","link":"https:\/\/alfafem.hu\/index.php\/rolunk\/","title":{"rendered":"R\u00f3lunk"},"content":{"rendered":"\t\t<div data-elementor-type=\"wp-page\" data-elementor-id=\"13\" class=\"elementor elementor-13\" data-elementor-post-type=\"page\">\n\t\t\t\t<div class=\"elementor-element elementor-element-ed61f89 e-flex e-con-boxed e-con e-parent\" data-id=\"ed61f89\" data-element_type=\"container\" data-settings=\"{&quot;background_background&quot;:&quot;classic&quot;,&quot;background_motion_fx_motion_fx_scrolling&quot;:&quot;yes&quot;,&quot;background_motion_fx_scale_effect&quot;:&quot;yes&quot;,&quot;background_motion_fx_scale_speed&quot;:{&quot;unit&quot;:&quot;px&quot;,&quot;size&quot;:2,&quot;sizes&quot;:[]},&quot;background_motion_fx_scale_range&quot;:{&quot;unit&quot;:&quot;%&quot;,&quot;size&quot;:&quot;&quot;,&quot;sizes&quot;:{&quot;start&quot;:33,&quot;end&quot;:93}},&quot;background_motion_fx_scale_direction&quot;:&quot;out-in&quot;,&quot;background_motion_fx_devices&quot;:[&quot;desktop&quot;,&quot;tablet&quot;,&quot;mobile&quot;]}\">\n\t\t\t\t\t<div class=\"e-con-inner\">\n\t\t\t\t\t<\/div>\n\t\t\t\t<\/div>\n\t\t<div class=\"elementor-element elementor-element-48f4cdf e-flex e-con-boxed e-con e-parent\" data-id=\"48f4cdf\" data-element_type=\"container\">\n\t\t\t\t\t<div class=\"e-con-inner\">\n\t\t<div class=\"elementor-element elementor-element-02ac52b e-con-full e-flex e-con e-child\" data-id=\"02ac52b\" data-element_type=\"container\">\n\t\t\t\t<div class=\"elementor-element elementor-element-86144b6 elementor-invisible elementor-widget elementor-widget-text-editor\" data-id=\"86144b6\" data-element_type=\"widget\" data-settings=\"{&quot;_animation&quot;:&quot;fadeIn&quot;}\" data-widget_type=\"text-editor.default\">\n\t\t\t\t<div class=\"elementor-widget-container\">\n\t\t\t\t\t\t\t\t\t<p><span style=\"font-weight: 400;\">30 \u00e9ves tapasztalattal rendelkez\u00fcnk a lemezmegmunk\u00e1l\u00e1s ter\u00fclet\u00e9n.\u00a0<\/span><\/p><p><span style=\"font-weight: 400;\">C\u00e9g\u00fcnk k\u00fcldet\u00e9se, a folyamatos fejl\u0151d\u00e9s a v\u00e1llalat minden szintj\u00e9n. A v\u00e1ltoz\u00f3 kih\u00edv\u00e1sok sikeres teljes\u00edt\u00e9se miatt elengedhetetlen a nyitott \u00e9s innovat\u00edv szeml\u00e9let, melyet vezet\u0151s\u00e9g\u00fcnk hi\u00e1nytalanul k\u00e9pvisel \u00e9s k\u00f6zvet\u00edt munkat\u00e1rsaink fel\u00e9.<\/span><\/p><p><span style=\"font-weight: 400;\">Szervezeti kult\u00far\u00e1nk k\u00f6z\u00e9ppontj\u00e1ban a min\u0151s\u00e9g \u00e1ll, melyet az Ipar4.0 ir\u00e1nyelvek megval\u00f3s\u00edt\u00e1sa mellett, a t\u00f6retlen fejl\u0151d\u00e9s biztos\u00edt. Az Alfaf\u00e9m Bt. minden olyan ter\u00fcleten igyekszik a legsikeresebben m\u0171k\u00f6dni \u00e9s fejl\u0151dni, amely el\u0151re mozd\u00edtja a v\u00e1llalat kvalit\u00e1s\u00e1t. Ez lehet ak\u00e1r technol\u00f3giai, elj\u00e1r\u00e1si, er\u0151forr\u00e1s, hum\u00e1n vagy \u00e9ppen szakmai oldal.<\/span><\/p>\t\t\t\t\t\t\t\t<\/div>\n\t\t\t\t<\/div>\n\t\t\t\t<\/div>\n\t\t<div class=\"elementor-element elementor-element-a68e045 e-con-full e-flex e-con e-child\" data-id=\"a68e045\" data-element_type=\"container\">\n\t\t\t\t<div class=\"elementor-element elementor-element-46fa11d animated-slow elementor-invisible elementor-widget elementor-widget-image\" data-id=\"46fa11d\" data-element_type=\"widget\" data-settings=\"{&quot;_animation&quot;:&quot;zoomIn&quot;}\" data-widget_type=\"image.default\">\n\t\t\t\t<div class=\"elementor-widget-container\">\n\t\t\t\t\t\t\t\t\t\t\t\t\t\t\t<img fetchpriority=\"high\" decoding=\"async\" width=\"900\" height=\"595\" src=\"https:\/\/alfafem.hu\/wp-content\/uploads\/2024\/02\/alfafem-kep-1024x677.jpg\" class=\"attachment-large size-large wp-image-140\" alt=\"alfafem bt\" srcset=\"https:\/\/alfafem.hu\/wp-content\/uploads\/2024\/02\/alfafem-kep-1024x677.jpg 1024w, https:\/\/alfafem.hu\/wp-content\/uploads\/2024\/02\/alfafem-kep-300x198.jpg 300w, https:\/\/alfafem.hu\/wp-content\/uploads\/2024\/02\/alfafem-kep-768x508.jpg 768w, https:\/\/alfafem.hu\/wp-content\/uploads\/2024\/02\/alfafem-kep.jpg 1500w\" sizes=\"(max-width: 900px) 100vw, 900px\" \/>\t\t\t\t\t\t\t\t\t\t\t\t\t\t\t<\/div>\n\t\t\t\t<\/div>\n\t\t\t\t<\/div>\n\t\t\t\t\t<\/div>\n\t\t\t\t<\/div>\n\t\t<div class=\"elementor-element elementor-element-e096ec1 e-flex e-con-boxed e-con e-parent\" data-id=\"e096ec1\" data-element_type=\"container\">\n\t\t\t\t\t<div class=\"e-con-inner\">\n\t\t<div class=\"elementor-element elementor-element-684f8ab e-con-full e-flex e-con e-child\" data-id=\"684f8ab\" data-element_type=\"container\">\n\t\t\t\t<div class=\"elementor-element elementor-element-50e9541 animated-slow elementor-invisible elementor-widget elementor-widget-image\" data-id=\"50e9541\" data-element_type=\"widget\" data-settings=\"{&quot;_animation&quot;:&quot;zoomIn&quot;}\" data-widget_type=\"image.default\">\n\t\t\t\t<div class=\"elementor-widget-container\">\n\t\t\t\t\t\t\t\t\t\t\t\t\t\t\t<img decoding=\"async\" width=\"900\" height=\"599\" data-src=\"https:\/\/alfafem.hu\/wp-content\/uploads\/2024\/02\/szerkeszt_cnc-1-1024x682.jpg\" class=\"attachment-large size-large wp-image-234 lazyload\" alt=\"alfaf\u00e9m bt cnc g\u00e9p\" data-srcset=\"https:\/\/alfafem.hu\/wp-content\/uploads\/2024\/02\/szerkeszt_cnc-1-1024x682.jpg 1024w, https:\/\/alfafem.hu\/wp-content\/uploads\/2024\/02\/szerkeszt_cnc-1-300x200.jpg 300w, https:\/\/alfafem.hu\/wp-content\/uploads\/2024\/02\/szerkeszt_cnc-1-768x511.jpg 768w, https:\/\/alfafem.hu\/wp-content\/uploads\/2024\/02\/szerkeszt_cnc-1.jpg 1440w\" data-sizes=\"(max-width: 900px) 100vw, 900px\" src=\"data:image\/svg+xml;base64,PHN2ZyB3aWR0aD0iMSIgaGVpZ2h0PSIxIiB4bWxucz0iaHR0cDovL3d3dy53My5vcmcvMjAwMC9zdmciPjwvc3ZnPg==\" style=\"--smush-placeholder-width: 900px; --smush-placeholder-aspect-ratio: 900\/599;\" \/>\t\t\t\t\t\t\t\t\t\t\t\t\t\t\t<\/div>\n\t\t\t\t<\/div>\n\t\t\t\t<\/div>\n\t\t<div class=\"elementor-element elementor-element-01b247a e-con-full e-flex e-con e-child\" data-id=\"01b247a\" data-element_type=\"container\">\n\t\t\t\t<div class=\"elementor-element elementor-element-328cd7a elementor-invisible elementor-widget elementor-widget-text-editor\" data-id=\"328cd7a\" data-element_type=\"widget\" data-settings=\"{&quot;_animation&quot;:&quot;fadeIn&quot;}\" data-widget_type=\"text-editor.default\">\n\t\t\t\t<div class=\"elementor-widget-container\">\n\t\t\t\t\t\t\t\t\t<p><span style=\"font-weight: 400;\">A termel\u00e9s folyamatos emelked\u00e9se k\u00f6vetkezt\u00e9ben 2020-ban \u00faj csarnok \u00e9p\u00edt\u00e9s\u00e9t val\u00f3s\u00edtottuk meg. A csarnok \u00e1talak\u00edt\u00e1sa ut\u00e1n a kor\u00e1bbi telephelyr\u0151l \u00e1tk\u00f6lt\u00f6ztetett pr\u00e9sm\u0171hely, hegeszt\u0151 m\u0171hely, lemezmegmunk\u00e1l\u00f3 m\u0171hely mell\u00e9 l\u00e9zerv\u00e1g\u00f3 m\u0171hely kialak\u00edt\u00e1s\u00e1ra is ker\u00fclt sor. Csal\u00e1di v\u00e1llalkoz\u00e1sunk 2022-re a kezdeti 50m2-r\u0151l 800m2-re b\u0151v\u00fclt, g\u00e9peink eszk\u00f6zeink folyamatosan cser\u00e9l\u0151dnek, \u00fajulnak.<\/span><\/p><p><span style=\"font-weight: 400;\">A gy\u00e1rt\u00e1si m\u0171veleteket optimaliz\u00e1lva a lehet\u0151 leggyorsabb hat\u00e1rid\u0151t tudjuk garant\u00e1lni \u00fcgyfeleinknek. Partnereink k\u00f6z\u00f6tt szerepelnek komoly gy\u00e1rt\u00f3 c\u00e9gek, \u00e9s kisebb egy\u00e9ni v\u00e1llalkoz\u00f3k is.\u00a0Protot\u00edpusgy\u00e1rt\u00e1st is v\u00e1llalunk a tervez\u00e9st\u0151l a komplett gy\u00e1rt\u00e1sig.<\/span><\/p>\t\t\t\t\t\t\t\t<\/div>\n\t\t\t\t<\/div>\n\t\t\t\t<\/div>\n\t\t\t\t\t<\/div>\n\t\t\t\t<\/div>\n\t\t<div class=\"elementor-element elementor-element-2f75249 e-flex e-con-boxed e-con e-parent\" data-id=\"2f75249\" data-element_type=\"container\" data-settings=\"{&quot;background_background&quot;:&quot;classic&quot;}\">\n\t\t\t\t\t<div class=\"e-con-inner\">\n\t\t<div class=\"elementor-element elementor-element-a8c8e1f e-flex e-con-boxed e-con e-child\" data-id=\"a8c8e1f\" data-element_type=\"container\">\n\t\t\t\t\t<div class=\"e-con-inner\">\n\t\t\t\t<div class=\"elementor-element elementor-element-53aa8e6 elementor-widget elementor-widget-heading\" data-id=\"53aa8e6\" data-element_type=\"widget\" data-widget_type=\"heading.default\">\n\t\t\t\t<div class=\"elementor-widget-container\">\n\t\t\t\t\t<h2 class=\"elementor-heading-title elementor-size-default\">\u00dczem\u00fcnk \u00e9s gy\u00e1rt\u00e1stechnol\u00f3gia<\/h2>\t\t\t\t<\/div>\n\t\t\t\t<\/div>\n\t\t\t\t<div class=\"elementor-element elementor-element-5984072 elementor-invisible elementor-widget elementor-widget-text-editor\" data-id=\"5984072\" data-element_type=\"widget\" data-settings=\"{&quot;_animation&quot;:&quot;fadeIn&quot;}\" data-widget_type=\"text-editor.default\">\n\t\t\t\t<div class=\"elementor-widget-container\">\n\t\t\t\t\t\t\t\t\t<p><span style=\"font-family: arial, sans-serif;\">&#8211; CNC L\u00e9zerv\u00e1g\u00e1s<br \/>&#8211; CNC \u00e9lhajl\u00edt\u00e1s<br \/>&#8211; Hegeszt\u00e9s<br \/>&#8211; Porfest\u00e9s<br \/>&#8211; CNC megmunk\u00e1l\u00e1s<br \/>&#8211; Mar\u00e1s, Eszterg\u00e1l\u00e1s<br \/>&#8211; M\u00e9retre v\u00e1g\u00e1s, darabol\u00e1s<br \/>&#8211; Szemcsesz\u00f3r\u00e1s<br \/>&#8211; Cs\u0151 \u00e9s z\u00e1rtszelv\u00e9ny megmunk\u00e1l\u00e1s<br \/>&#8211; \u00d6sszeszerel\u00e9s<\/span><\/p>\t\t\t\t\t\t\t\t<\/div>\n\t\t\t\t<\/div>\n\t\t\t\t\t<\/div>\n\t\t\t\t<\/div>\n\t\t<div class=\"elementor-element elementor-element-96ec416 elementor-hidden-mobile e-flex e-con-boxed e-con e-child\" data-id=\"96ec416\" data-element_type=\"container\">\n\t\t\t\t\t<div class=\"e-con-inner\">\n\t\t\t\t\t<\/div>\n\t\t\t\t<\/div>\n\t\t\t\t\t<\/div>\n\t\t\t\t<\/div>\n\t\t<div class=\"elementor-element elementor-element-3e02fc9 e-flex e-con-boxed e-con e-parent\" data-id=\"3e02fc9\" data-element_type=\"container\" data-settings=\"{&quot;background_background&quot;:&quot;classic&quot;}\">\n\t\t\t\t\t<div class=\"e-con-inner\">\n\t\t\t\t<div class=\"elementor-element elementor-element-a2e1d28 elementor-widget elementor-widget-heading\" data-id=\"a2e1d28\" data-element_type=\"widget\" data-widget_type=\"heading.default\">\n\t\t\t\t<div class=\"elementor-widget-container\">\n\t\t\t\t\t<h2 class=\"elementor-heading-title elementor-size-default\">C\u00e9g\u00fcnk EUROCERT Min\u0151s\u00edt\u0151 \u00e9s Tan\u00fas\u00edt\u00f3 Kft. \u00e1ltal ki\u00e1ll\u00edtott tan\u00fas\u00edtv\u00e1nnyal rendelkezik<\/h2>\t\t\t\t<\/div>\n\t\t\t\t<\/div>\n\t\t\t\t<div class=\"elementor-element elementor-element-286a374 elementor-widget__width-initial elementor-widget elementor-widget-image\" data-id=\"286a374\" data-element_type=\"widget\" data-widget_type=\"image.default\">\n\t\t\t\t<div class=\"elementor-widget-container\">\n\t\t\t\t\t\t\t\t\t\t\t\t\t\t\t\t<a href=\"https:\/\/alfafem.hu\/wp-content\/uploads\/2024\/02\/tanusitvany1.jpg\" data-elementor-open-lightbox=\"yes\" data-e-action-hash=\"#elementor-action%3Aaction%3Dlightbox%26settings%3DeyJpZCI6MjUzLCJ1cmwiOiJodHRwczpcL1wvYWxmYWZlbS5odVwvd3AtY29udGVudFwvdXBsb2Fkc1wvMjAyNFwvMDJcL3RhbnVzaXR2YW55MS5qcGcifQ%3D%3D\">\n\t\t\t\t\t\t\t<img decoding=\"async\" width=\"680\" height=\"947\" data-src=\"https:\/\/alfafem.hu\/wp-content\/uploads\/2024\/02\/tanusitvany1.jpg\" class=\"attachment-large size-large wp-image-253 lazyload\" alt=\"alfaf\u00e9m tanusitvany1\" data-srcset=\"https:\/\/alfafem.hu\/wp-content\/uploads\/2024\/02\/tanusitvany1.jpg 680w, https:\/\/alfafem.hu\/wp-content\/uploads\/2024\/02\/tanusitvany1-215x300.jpg 215w\" data-sizes=\"(max-width: 680px) 100vw, 680px\" src=\"data:image\/svg+xml;base64,PHN2ZyB3aWR0aD0iMSIgaGVpZ2h0PSIxIiB4bWxucz0iaHR0cDovL3d3dy53My5vcmcvMjAwMC9zdmciPjwvc3ZnPg==\" style=\"--smush-placeholder-width: 680px; --smush-placeholder-aspect-ratio: 680\/947;\" \/>\t\t\t\t\t\t\t\t<\/a>\n\t\t\t\t\t\t\t\t\t\t\t\t\t\t\t<\/div>\n\t\t\t\t<\/div>\n\t\t\t\t<div class=\"elementor-element elementor-element-2b5f742 elementor-widget__width-initial elementor-widget elementor-widget-image\" data-id=\"2b5f742\" data-element_type=\"widget\" data-widget_type=\"image.default\">\n\t\t\t\t<div class=\"elementor-widget-container\">\n\t\t\t\t\t\t\t\t\t\t\t\t\t\t\t\t<a href=\"https:\/\/alfafem.hu\/wp-content\/uploads\/2024\/02\/tanusitvany2.jpg\" data-elementor-open-lightbox=\"yes\" data-e-action-hash=\"#elementor-action%3Aaction%3Dlightbox%26settings%3DeyJpZCI6MjU0LCJ1cmwiOiJodHRwczpcL1wvYWxmYWZlbS5odVwvd3AtY29udGVudFwvdXBsb2Fkc1wvMjAyNFwvMDJcL3RhbnVzaXR2YW55Mi5qcGcifQ%3D%3D\">\n\t\t\t\t\t\t\t<img decoding=\"async\" width=\"675\" height=\"947\" data-src=\"https:\/\/alfafem.hu\/wp-content\/uploads\/2024\/02\/tanusitvany2.jpg\" class=\"attachment-large size-large wp-image-254 lazyload\" alt=\"alfaf\u00e9m tanusitvany 2\" data-srcset=\"https:\/\/alfafem.hu\/wp-content\/uploads\/2024\/02\/tanusitvany2.jpg 675w, https:\/\/alfafem.hu\/wp-content\/uploads\/2024\/02\/tanusitvany2-214x300.jpg 214w\" data-sizes=\"(max-width: 675px) 100vw, 675px\" src=\"data:image\/svg+xml;base64,PHN2ZyB3aWR0aD0iMSIgaGVpZ2h0PSIxIiB4bWxucz0iaHR0cDovL3d3dy53My5vcmcvMjAwMC9zdmciPjwvc3ZnPg==\" style=\"--smush-placeholder-width: 675px; --smush-placeholder-aspect-ratio: 675\/947;\" \/>\t\t\t\t\t\t\t\t<\/a>\n\t\t\t\t\t\t\t\t\t\t\t\t\t\t\t<\/div>\n\t\t\t\t<\/div>\n\t\t\t\t\t<\/div>\n\t\t\t\t<\/div>\n\t\t\t\t<\/div>\n\t\t","protected":false},"excerpt":{"rendered":"<p>30 \u00e9ves tapasztalattal rendelkez\u00fcnk a lemezmegmunk\u00e1l\u00e1s ter\u00fclet\u00e9n.\u00a0 C\u00e9g\u00fcnk k\u00fcldet\u00e9se, a folyamatos fejl\u0151d\u00e9s a v\u00e1llalat minden szintj\u00e9n. A v\u00e1ltoz\u00f3 kih\u00edv\u00e1sok sikeres teljes\u00edt\u00e9se miatt elengedhetetlen a nyitott \u00e9s innovat\u00edv szeml\u00e9let, melyet vezet\u0151s\u00e9g\u00fcnk hi\u00e1nytalanul k\u00e9pvisel \u00e9s k\u00f6zvet\u00edt munkat\u00e1rsaink fel\u00e9. Szervezeti kult\u00far\u00e1nk k\u00f6z\u00e9ppontj\u00e1ban a min\u0151s\u00e9g \u00e1ll, melyet az Ipar4.0 ir\u00e1nyelvek megval\u00f3s\u00edt\u00e1sa mellett, a t\u00f6retlen fejl\u0151d\u00e9s biztos\u00edt. Az Alfaf\u00e9m Bt. &#8230; <a title=\"R\u00f3lunk\" class=\"read-more\" href=\"https:\/\/alfafem.hu\/index.php\/rolunk\/\" aria-label=\"Read more about R\u00f3lunk\">Olvass tov\u00e1bb<\/a><\/p>\n","protected":false},"author":1,"featured_media":0,"parent":0,"menu_order":0,"comment_status":"closed","ping_status":"closed","template":"","meta":{"footnotes":""},"class_list":["post-13","page","type-page","status-publish"],"yoast_head":"<!-- This site is optimized with the Yoast SEO Premium plugin v27.4 (Yoast SEO v27.4) - https:\/\/yoast.com\/product\/yoast-seo-premium-wordpress\/ -->\n<title>R\u00f3lunk - Alfaf\u00e9m<\/title>\n<meta name=\"description\" content=\"R\u00f3lunk - l\u00e9zerv\u00e1g\u00e1s, f\u00e9mt\u00f6megcikk gy\u00e1rt\u00e1s, szemcsesz\u00f3r\u00e1s, lemezmegmunk\u00e1l\u00e1s, hegeszt\u00e9s, CNC forg\u00e1csol\u00e1s -egyedi l\u00e9zerv\u00e1gott ker\u00edt\u00e9sek\" \/>\n<meta name=\"robots\" content=\"index, follow, max-snippet:-1, max-image-preview:large, max-video-preview:-1\" \/>\n<link rel=\"canonical\" href=\"https:\/\/alfafem.hu\/index.php\/rolunk\/\" \/>\n<meta property=\"og:locale\" content=\"hu_HU\" \/>\n<meta property=\"og:type\" content=\"article\" \/>\n<meta property=\"og:title\" content=\"R\u00f3lunk\" \/>\n<meta property=\"og:description\" content=\"R\u00f3lunk - l\u00e9zerv\u00e1g\u00e1s, f\u00e9mt\u00f6megcikk gy\u00e1rt\u00e1s, szemcsesz\u00f3r\u00e1s, lemezmegmunk\u00e1l\u00e1s, hegeszt\u00e9s, CNC forg\u00e1csol\u00e1s -egyedi l\u00e9zerv\u00e1gott ker\u00edt\u00e9sek\" \/>\n<meta property=\"og:url\" content=\"https:\/\/alfafem.hu\/index.php\/rolunk\/\" \/>\n<meta property=\"og:site_name\" content=\"Alfaf\u00e9m\" \/>\n<meta property=\"article:modified_time\" content=\"2024-02-29T13:47:27+00:00\" \/>\n<meta property=\"og:image\" content=\"https:\/\/alfafem.hu\/wp-content\/uploads\/2024\/02\/alfafem-kep-1024x677.jpg\" \/>\n<meta name=\"twitter:card\" content=\"summary_large_image\" \/>\n<meta name=\"twitter:label1\" content=\"Becs\u00fclt olvas\u00e1si id\u0151\" \/>\n\t<meta name=\"twitter:data1\" content=\"2 perc\" \/>\n<script type=\"application\/ld+json\" class=\"yoast-schema-graph\">{\"@context\":\"https:\\\/\\\/schema.org\",\"@graph\":[{\"@type\":\"WebPage\",\"@id\":\"https:\\\/\\\/alfafem.hu\\\/index.php\\\/rolunk\\\/\",\"url\":\"https:\\\/\\\/alfafem.hu\\\/index.php\\\/rolunk\\\/\",\"name\":\"R\u00f3lunk - Alfaf\u00e9m\",\"isPartOf\":{\"@id\":\"https:\\\/\\\/alfafem.hu\\\/#website\"},\"primaryImageOfPage\":{\"@id\":\"https:\\\/\\\/alfafem.hu\\\/index.php\\\/rolunk\\\/#primaryimage\"},\"image\":{\"@id\":\"https:\\\/\\\/alfafem.hu\\\/index.php\\\/rolunk\\\/#primaryimage\"},\"thumbnailUrl\":\"https:\\\/\\\/alfafem.hu\\\/wp-content\\\/uploads\\\/2024\\\/02\\\/alfafem-kep-1024x677.jpg\",\"datePublished\":\"2024-02-06T12:39:56+00:00\",\"dateModified\":\"2024-02-29T13:47:27+00:00\",\"description\":\"R\u00f3lunk - l\u00e9zerv\u00e1g\u00e1s, f\u00e9mt\u00f6megcikk gy\u00e1rt\u00e1s, szemcsesz\u00f3r\u00e1s, lemezmegmunk\u00e1l\u00e1s, hegeszt\u00e9s, CNC forg\u00e1csol\u00e1s -egyedi l\u00e9zerv\u00e1gott ker\u00edt\u00e9sek\",\"breadcrumb\":{\"@id\":\"https:\\\/\\\/alfafem.hu\\\/index.php\\\/rolunk\\\/#breadcrumb\"},\"inLanguage\":\"hu\",\"potentialAction\":[{\"@type\":\"ReadAction\",\"target\":[\"https:\\\/\\\/alfafem.hu\\\/index.php\\\/rolunk\\\/\"]}]},{\"@type\":\"ImageObject\",\"inLanguage\":\"hu\",\"@id\":\"https:\\\/\\\/alfafem.hu\\\/index.php\\\/rolunk\\\/#primaryimage\",\"url\":\"https:\\\/\\\/alfafem.hu\\\/wp-content\\\/uploads\\\/2024\\\/02\\\/alfafem-kep.jpg\",\"contentUrl\":\"https:\\\/\\\/alfafem.hu\\\/wp-content\\\/uploads\\\/2024\\\/02\\\/alfafem-kep.jpg\",\"width\":1500,\"height\":992,\"caption\":\"alfafem bt\"},{\"@type\":\"BreadcrumbList\",\"@id\":\"https:\\\/\\\/alfafem.hu\\\/index.php\\\/rolunk\\\/#breadcrumb\",\"itemListElement\":[{\"@type\":\"ListItem\",\"position\":1,\"name\":\"Kezd\u0151lap\",\"item\":\"https:\\\/\\\/alfafem.hu\\\/\"},{\"@type\":\"ListItem\",\"position\":2,\"name\":\"R\u00f3lunk\"}]},{\"@type\":\"WebSite\",\"@id\":\"https:\\\/\\\/alfafem.hu\\\/#website\",\"url\":\"https:\\\/\\\/alfafem.hu\\\/\",\"name\":\"Alfaf\u00e9m\",\"description\":\"l\u00e9zerv\u00e1g\u00e1s, f\u00e9mt\u00f6megcikk gy\u00e1rt\u00e1s, szemcsesz\u00f3r\u00e1s, lemezmegmunk\u00e1l\u00e1s, hegeszt\u00e9s, CNC forg\u00e1csol\u00e1s \",\"publisher\":{\"@id\":\"https:\\\/\\\/alfafem.hu\\\/#organization\"},\"potentialAction\":[{\"@type\":\"SearchAction\",\"target\":{\"@type\":\"EntryPoint\",\"urlTemplate\":\"https:\\\/\\\/alfafem.hu\\\/?s={search_term_string}\"},\"query-input\":{\"@type\":\"PropertyValueSpecification\",\"valueRequired\":true,\"valueName\":\"search_term_string\"}}],\"inLanguage\":\"hu\"},{\"@type\":\"Organization\",\"@id\":\"https:\\\/\\\/alfafem.hu\\\/#organization\",\"name\":\"Alfaf\u00e9m\",\"url\":\"https:\\\/\\\/alfafem.hu\\\/\",\"logo\":{\"@type\":\"ImageObject\",\"inLanguage\":\"hu\",\"@id\":\"https:\\\/\\\/alfafem.hu\\\/#\\\/schema\\\/logo\\\/image\\\/\",\"url\":\"https:\\\/\\\/alfafem.hu\\\/wp-content\\\/uploads\\\/2024\\\/02\\\/Eszkoz-2@4x.png\",\"contentUrl\":\"https:\\\/\\\/alfafem.hu\\\/wp-content\\\/uploads\\\/2024\\\/02\\\/Eszkoz-2@4x.png\",\"width\":5536,\"height\":1174,\"caption\":\"Alfaf\u00e9m\"},\"image\":{\"@id\":\"https:\\\/\\\/alfafem.hu\\\/#\\\/schema\\\/logo\\\/image\\\/\"}}]}<\/script>\n<!-- \/ Yoast SEO Premium plugin. -->","yoast_head_json":{"title":"R\u00f3lunk - Alfaf\u00e9m","description":"R\u00f3lunk - l\u00e9zerv\u00e1g\u00e1s, f\u00e9mt\u00f6megcikk gy\u00e1rt\u00e1s, szemcsesz\u00f3r\u00e1s, lemezmegmunk\u00e1l\u00e1s, hegeszt\u00e9s, CNC forg\u00e1csol\u00e1s -egyedi l\u00e9zerv\u00e1gott ker\u00edt\u00e9sek","robots":{"index":"index","follow":"follow","max-snippet":"max-snippet:-1","max-image-preview":"max-image-preview:large","max-video-preview":"max-video-preview:-1"},"canonical":"https:\/\/alfafem.hu\/index.php\/rolunk\/","og_locale":"hu_HU","og_type":"article","og_title":"R\u00f3lunk","og_description":"R\u00f3lunk - l\u00e9zerv\u00e1g\u00e1s, f\u00e9mt\u00f6megcikk gy\u00e1rt\u00e1s, szemcsesz\u00f3r\u00e1s, lemezmegmunk\u00e1l\u00e1s, hegeszt\u00e9s, CNC forg\u00e1csol\u00e1s -egyedi l\u00e9zerv\u00e1gott ker\u00edt\u00e9sek","og_url":"https:\/\/alfafem.hu\/index.php\/rolunk\/","og_site_name":"Alfaf\u00e9m","article_modified_time":"2024-02-29T13:47:27+00:00","og_image":[{"url":"https:\/\/alfafem.hu\/wp-content\/uploads\/2024\/02\/alfafem-kep-1024x677.jpg","type":"","width":"","height":""}],"twitter_card":"summary_large_image","twitter_misc":{"Becs\u00fclt olvas\u00e1si id\u0151":"2 perc"},"schema":{"@context":"https:\/\/schema.org","@graph":[{"@type":"WebPage","@id":"https:\/\/alfafem.hu\/index.php\/rolunk\/","url":"https:\/\/alfafem.hu\/index.php\/rolunk\/","name":"R\u00f3lunk - Alfaf\u00e9m","isPartOf":{"@id":"https:\/\/alfafem.hu\/#website"},"primaryImageOfPage":{"@id":"https:\/\/alfafem.hu\/index.php\/rolunk\/#primaryimage"},"image":{"@id":"https:\/\/alfafem.hu\/index.php\/rolunk\/#primaryimage"},"thumbnailUrl":"https:\/\/alfafem.hu\/wp-content\/uploads\/2024\/02\/alfafem-kep-1024x677.jpg","datePublished":"2024-02-06T12:39:56+00:00","dateModified":"2024-02-29T13:47:27+00:00","description":"R\u00f3lunk - l\u00e9zerv\u00e1g\u00e1s, f\u00e9mt\u00f6megcikk gy\u00e1rt\u00e1s, szemcsesz\u00f3r\u00e1s, lemezmegmunk\u00e1l\u00e1s, hegeszt\u00e9s, CNC forg\u00e1csol\u00e1s -egyedi l\u00e9zerv\u00e1gott ker\u00edt\u00e9sek","breadcrumb":{"@id":"https:\/\/alfafem.hu\/index.php\/rolunk\/#breadcrumb"},"inLanguage":"hu","potentialAction":[{"@type":"ReadAction","target":["https:\/\/alfafem.hu\/index.php\/rolunk\/"]}]},{"@type":"ImageObject","inLanguage":"hu","@id":"https:\/\/alfafem.hu\/index.php\/rolunk\/#primaryimage","url":"https:\/\/alfafem.hu\/wp-content\/uploads\/2024\/02\/alfafem-kep.jpg","contentUrl":"https:\/\/alfafem.hu\/wp-content\/uploads\/2024\/02\/alfafem-kep.jpg","width":1500,"height":992,"caption":"alfafem bt"},{"@type":"BreadcrumbList","@id":"https:\/\/alfafem.hu\/index.php\/rolunk\/#breadcrumb","itemListElement":[{"@type":"ListItem","position":1,"name":"Kezd\u0151lap","item":"https:\/\/alfafem.hu\/"},{"@type":"ListItem","position":2,"name":"R\u00f3lunk"}]},{"@type":"WebSite","@id":"https:\/\/alfafem.hu\/#website","url":"https:\/\/alfafem.hu\/","name":"Alfaf\u00e9m","description":"l\u00e9zerv\u00e1g\u00e1s, f\u00e9mt\u00f6megcikk gy\u00e1rt\u00e1s, szemcsesz\u00f3r\u00e1s, lemezmegmunk\u00e1l\u00e1s, hegeszt\u00e9s, CNC forg\u00e1csol\u00e1s ","publisher":{"@id":"https:\/\/alfafem.hu\/#organization"},"potentialAction":[{"@type":"SearchAction","target":{"@type":"EntryPoint","urlTemplate":"https:\/\/alfafem.hu\/?s={search_term_string}"},"query-input":{"@type":"PropertyValueSpecification","valueRequired":true,"valueName":"search_term_string"}}],"inLanguage":"hu"},{"@type":"Organization","@id":"https:\/\/alfafem.hu\/#organization","name":"Alfaf\u00e9m","url":"https:\/\/alfafem.hu\/","logo":{"@type":"ImageObject","inLanguage":"hu","@id":"https:\/\/alfafem.hu\/#\/schema\/logo\/image\/","url":"https:\/\/alfafem.hu\/wp-content\/uploads\/2024\/02\/Eszkoz-2@4x.png","contentUrl":"https:\/\/alfafem.hu\/wp-content\/uploads\/2024\/02\/Eszkoz-2@4x.png","width":5536,"height":1174,"caption":"Alfaf\u00e9m"},"image":{"@id":"https:\/\/alfafem.hu\/#\/schema\/logo\/image\/"}}]}},"lang":"hu","translations":{"hu":13},"pll_sync_post":[],"_links":{"self":[{"href":"https:\/\/alfafem.hu\/index.php\/wp-json\/wp\/v2\/pages\/13","targetHints":{"allow":["GET"]}}],"collection":[{"href":"https:\/\/alfafem.hu\/index.php\/wp-json\/wp\/v2\/pages"}],"about":[{"href":"https:\/\/alfafem.hu\/index.php\/wp-json\/wp\/v2\/types\/page"}],"author":[{"embeddable":true,"href":"https:\/\/alfafem.hu\/index.php\/wp-json\/wp\/v2\/users\/1"}],"replies":[{"embeddable":true,"href":"https:\/\/alfafem.hu\/index.php\/wp-json\/wp\/v2\/comments?post=13"}],"version-history":[{"count":3,"href":"https:\/\/alfafem.hu\/index.php\/wp-json\/wp\/v2\/pages\/13\/revisions"}],"predecessor-version":[{"id":530,"href":"https:\/\/alfafem.hu\/index.php\/wp-json\/wp\/v2\/pages\/13\/revisions\/530"}],"wp:attachment":[{"href":"https:\/\/alfafem.hu\/index.php\/wp-json\/wp\/v2\/media?parent=13"}],"curies":[{"name":"wp","href":"https:\/\/api.w.org\/{rel}","templated":true}]}}